{"id":3485,"date":"2024-06-06T18:24:28","date_gmt":"2024-06-06T18:24:28","guid":{"rendered":"http:\/\/aecucedir.org.ve\/revista\/?page_id=3485"},"modified":"2024-09-01T21:27:07","modified_gmt":"2024-09-01T21:27:07","slug":"inicio","status":"publish","type":"page","link":"https:\/\/aecucedir.org.ve\/revista\/","title":{"rendered":"INICIO"},"content":{"rendered":"\t\t<div data-elementor-type=\"wp-page\" data-elementor-id=\"3485\" class=\"elementor elementor-3485\">\n\t\t\t\t<div class=\"elementor-element elementor-element-773dee8 e-con-full e-flex e-con e-parent\" data-id=\"773dee8\" data-element_type=\"container\" data-e-type=\"container\" data-settings=\"{&quot;background_background&quot;:&quot;classic&quot;}\">\n\t\t<div class=\"elementor-element elementor-element-1e85bf6 e-con-full e-flex e-con e-child\" data-id=\"1e85bf6\" data-element_type=\"container\" data-e-type=\"container\">\n\t\t\t\t<div class=\"elementor-element elementor-element-a38be9e elementor-widget-mobile__width-initial elementor-widget elementor-widget-shortcode\" data-id=\"a38be9e\" data-element_type=\"widget\" data-e-type=\"widget\" data-widget_type=\"shortcode.default\">\n\t\t\t\t<div class=\"elementor-widget-container\">\n\t\t\t\t\t\t\t<div class=\"elementor-shortcode\"><span class=\"datetime-es\">s\u00e1bado, 9 de mayo de 2026<\/span><\/div>\n\t\t\t\t\t\t<\/div>\n\t\t\t\t<\/div>\n\t\t\t\t<\/div>\n\t\t<div class=\"elementor-element elementor-element-c719bfe e-con-full e-flex e-con e-child\" data-id=\"c719bfe\" data-element_type=\"container\" data-e-type=\"container\">\n\t\t\t\t<div class=\"elementor-element elementor-element-1c2d28e elementor-widget-mobile__width-initial elementor-widget elementor-widget-heading\" data-id=\"1c2d28e\" data-element_type=\"widget\" data-e-type=\"widget\" data-widget_type=\"heading.default\">\n\t\t\t\t<div class=\"elementor-widget-container\">\n\t\t\t\t\t<p class=\"elementor-heading-title elementor-size-default\">Caracas - Venezuela<\/p>\t\t\t\t<\/div>\n\t\t\t\t<\/div>\n\t\t\t\t<\/div>\n\t\t<div class=\"elementor-element elementor-element-5cd7a59 e-con-full e-flex e-con e-child\" data-id=\"5cd7a59\" data-element_type=\"container\" data-e-type=\"container\">\n\t\t\t\t<div class=\"elementor-element elementor-element-90a4afc elementor-widget elementor-widget-image\" data-id=\"90a4afc\" data-element_type=\"widget\" data-e-type=\"widget\" data-widget_type=\"image.default\">\n\t\t\t\t<div class=\"elementor-widget-container\">\n\t\t\t\t\t\t\t\t\t\t\t\t\t\t\t<img fetchpriority=\"high\" decoding=\"async\" width=\"710\" height=\"444\" src=\"https:\/\/aecucedir.org.ve\/revista\/wp-content\/uploads\/2024\/06\/bandera-venezuela.png\" class=\"attachment-full size-full wp-image-7204\" alt=\"\" srcset=\"https:\/\/aecucedir.org.ve\/revista\/wp-content\/uploads\/2024\/06\/bandera-venezuela.png 710w, https:\/\/aecucedir.org.ve\/revista\/wp-content\/uploads\/2024\/06\/bandera-venezuela-300x188.png 300w, https:\/\/aecucedir.org.ve\/revista\/wp-content\/uploads\/2024\/06\/elementor\/thumbs\/bandera-venezuela-qqca84w1gasg0dyeu6pxwr1ih2woa71w95su5oqd9o.png 50w, https:\/\/aecucedir.org.ve\/revista\/wp-content\/uploads\/2024\/06\/elementor\/thumbs\/bandera-venezuela-qqca84w0yr9yfoak816ccdvo47znidkaagsg02iq42.png 10w\" sizes=\"(max-width: 710px) 100vw, 710px\" \/>\t\t\t\t\t\t\t\t\t\t\t\t\t\t\t<\/div>\n\t\t\t\t<\/div>\n\t\t\t\t<\/div>\n\t\t\t\t<\/div>\n\t\t<div class=\"elementor-element elementor-element-4cebc7a e-flex e-con-boxed e-con e-parent\" data-id=\"4cebc7a\" data-element_type=\"container\" data-e-type=\"container\" data-settings=\"{&quot;background_background&quot;:&quot;classic&quot;}\">\n\t\t\t\t\t<div class=\"e-con-inner\">\n\t\t\t\t<div class=\"elementor-element elementor-element-e78978a elementor-widget elementor-widget-image\" data-id=\"e78978a\" data-element_type=\"widget\" data-e-type=\"widget\" data-widget_type=\"image.default\">\n\t\t\t\t<div class=\"elementor-widget-container\">\n\t\t\t\t\t\t\t\t\t\t\t\t\t\t\t<img decoding=\"async\" width=\"880\" height=\"293\" src=\"https:\/\/aecucedir.org.ve\/revista\/wp-content\/uploads\/2024\/04\/JochenStreiter_banner-1024x341.jpg\" class=\"attachment-large size-large wp-image-1699\" alt=\"\" srcset=\"https:\/\/aecucedir.org.ve\/revista\/wp-content\/uploads\/2024\/04\/JochenStreiter_banner-1024x341.jpg 1024w, https:\/\/aecucedir.org.ve\/revista\/wp-content\/uploads\/2024\/04\/JochenStreiter_banner-300x100.jpg 300w, https:\/\/aecucedir.org.ve\/revista\/wp-content\/uploads\/2024\/04\/JochenStreiter_banner-768x256.jpg 768w, https:\/\/aecucedir.org.ve\/revista\/wp-content\/uploads\/2024\/04\/JochenStreiter_banner.jpg 1200w\" sizes=\"(max-width: 880px) 100vw, 880px\" \/>\t\t\t\t\t\t\t\t\t\t\t\t\t\t\t<\/div>\n\t\t\t\t<\/div>\n\t\t\t\t\t<\/div>\n\t\t\t\t<\/div>\n\t\t<div class=\"elementor-element elementor-element-d513b04 e-flex e-con-boxed e-con e-parent\" data-id=\"d513b04\" data-element_type=\"container\" data-e-type=\"container\" data-settings=\"{&quot;background_background&quot;:&quot;gradient&quot;}\">\n\t\t\t\t\t<div class=\"e-con-inner\">\n\t\t<div class=\"elementor-element elementor-element-6fbfa24 e-con-full e-flex e-con e-child\" data-id=\"6fbfa24\" data-element_type=\"container\" data-e-type=\"container\">\n\t\t\t\t<div class=\"elementor-element elementor-element-d6892c0 elementor-widget__width-inherit elementor-widget elementor-widget-image\" data-id=\"d6892c0\" data-element_type=\"widget\" data-e-type=\"widget\" data-widget_type=\"image.default\">\n\t\t\t\t<div class=\"elementor-widget-container\">\n\t\t\t\t\t\t\t\t\t\t\t\t\t\t\t<img decoding=\"async\" width=\"1950\" height=\"2048\" src=\"https:\/\/aecucedir.org.ve\/revista\/wp-content\/uploads\/2024\/06\/dibujo_revistas2-1950x2048.webp\" class=\"attachment-2048x2048 size-2048x2048 wp-image-5237\" alt=\"\" srcset=\"https:\/\/aecucedir.org.ve\/revista\/wp-content\/uploads\/2024\/06\/dibujo_revistas2-1950x2048.webp 1950w, https:\/\/aecucedir.org.ve\/revista\/wp-content\/uploads\/2024\/06\/dibujo_revistas2-286x300.webp 286w, https:\/\/aecucedir.org.ve\/revista\/wp-content\/uploads\/2024\/06\/dibujo_revistas2-975x1024.webp 975w, https:\/\/aecucedir.org.ve\/revista\/wp-content\/uploads\/2024\/06\/dibujo_revistas2-768x806.webp 768w, https:\/\/aecucedir.org.ve\/revista\/wp-content\/uploads\/2024\/06\/dibujo_revistas2-1463x1536.webp 1463w, https:\/\/aecucedir.org.ve\/revista\/wp-content\/uploads\/2024\/06\/dibujo_revistas2.webp 1999w\" sizes=\"(max-width: 1950px) 100vw, 1950px\" \/>\t\t\t\t\t\t\t\t\t\t\t\t\t\t\t<\/div>\n\t\t\t\t<\/div>\n\t\t\t\t<\/div>\n\t\t<div class=\"elementor-element elementor-element-79081ec e-con-full e-flex e-con e-child\" data-id=\"79081ec\" data-element_type=\"container\" data-e-type=\"container\">\n\t\t\t\t<div class=\"elementor-element elementor-element-98fc655 elementor-widget elementor-widget-text-editor\" data-id=\"98fc655\" data-element_type=\"widget\" data-e-type=\"widget\" data-widget_type=\"text-editor.default\">\n\t\t\t\t<div class=\"elementor-widget-container\">\n\t\t\t\t\t\t\t\t\t<p>LA REVISTA PRESENCIA ECUM\u00c9NICA FUE CREADA EN 1985, POR INICIATIVA DEL PASTOR JOCHEN STREITER, LA CUAL LA CONVIERTE EN UNA DE LAS REVISTAS DE CAR\u00c1CTER RELIGIOSO DE MAYOR TRAYECTORIA EN EL PA\u00cdS. EN ELLA HAN COLABORADO UNA DIVERSIDAD DE TE\u00d3LOGOS Y TE\u00d3LOGAS DE DIVERSAS PARTES DE LA PATRIA GRANDE Y DE ORIENTACIONES CRISTIANA VARIADAS.<\/p>\t\t\t\t\t\t\t\t<\/div>\n\t\t\t\t<\/div>\n\t\t\t\t<\/div>\n\t\t\t\t\t<\/div>\n\t\t\t\t<\/div>\n\t\t<div class=\"elementor-element elementor-element-9c0d4fc e-flex e-con-boxed e-con e-parent\" data-id=\"9c0d4fc\" data-element_type=\"container\" data-e-type=\"container\">\n\t\t\t\t\t<div class=\"e-con-inner\">\n\t\t\t\t<div class=\"elementor-element elementor-element-4870aa4 elementor-widget-divider--view-line elementor-widget elementor-widget-divider\" data-id=\"4870aa4\" data-element_type=\"widget\" data-e-type=\"widget\" data-widget_type=\"divider.default\">\n\t\t\t\t<div class=\"elementor-widget-container\">\n\t\t\t\t\t\t\t<div class=\"elementor-divider\">\n\t\t\t<span class=\"elementor-divider-separator\">\n\t\t\t\t\t\t<\/span>\n\t\t<\/div>\n\t\t\t\t\t\t<\/div>\n\t\t\t\t<\/div>\n\t\t\t\t\t<\/div>\n\t\t\t\t<\/div>\n\t\t<div class=\"elementor-element elementor-element-238303d e-flex e-con-boxed e-con e-parent\" data-id=\"238303d\" data-element_type=\"container\" data-e-type=\"container\" data-settings=\"{&quot;background_background&quot;:&quot;classic&quot;}\">\n\t\t\t\t\t<div class=\"e-con-inner\">\n\t\t\t\t<div class=\"elementor-element elementor-element-eb68215 elementor-widget elementor-widget-text-editor\" data-id=\"eb68215\" data-element_type=\"widget\" data-e-type=\"widget\" data-widget_type=\"text-editor.default\">\n\t\t\t\t<div class=\"elementor-widget-container\">\n\t\t\t\t\t\t\t\t\t<p>La revista PRESENCIA ECUM\u00c9NICA vio la luz en septiembre de 1985, cuando se public\u00f3 la primera edici\u00f3n, la cual la convierte en una de las revistas de car\u00e1cter religioso de mayor trayectoria en el pa\u00eds. En ella han colaborado te\u00f3logos y te\u00f3logas de diversas partes de la Patria Grande y de orientaciones cristianas variadas. Desde su creaci\u00f3n PRESENCIA ECUMENICA no sigue una \u201cl\u00ednea oficial\u201c, ni promueve intereses institucionales espec\u00edficos, pero s\u00ed trata de ser un espacio de encuentro para la pluralidad de miradas que conviven dentro del cristianismo. En las publicaciones cristianas latinoamericanas se nota mucho sectarismo y autocensura cuando ellas hablan de asuntos eclesiales.<\/p>\n<p>Se puede constatar que la meta original fue alcanzada:<\/p>\n<ul>\n<li>Crear un foro abierto, una instancia de intercambio para cristianos comprometidos provenientes de tradiciones distintas.<\/li>\n<li>Fomentar y acompa\u00f1ar el movimiento ecum\u00e9nico, entendido \u00e9ste tanto en el sentido eclesial como \u201cde base\u201c.<\/li>\n<li>Poner en contacto, enlazar a personas y grupos que trabajan por la justicia y la paz del pueblo latinoamericano.<\/li>\n<li>Informar sobre iniciativas cristianas en los campos de la educaci\u00f3n popular, salud comunitaria, etc.<\/li>\n<li>Proveer informaci\u00f3n amplia sobre congresos, reuniones, seminarios importantes con sus respectivos documentos.<\/li>\n<li>Facilitar una informaci\u00f3n bibliogr\u00e1fica ecum\u00e9nica latinoamericana actualizada.<\/li>\n<\/ul>\n<p>As\u00ed que, la amplia aceptaci\u00f3n que PRESENCIA ECUM\u00c9NICA encuentra hoy d\u00eda es expresi\u00f3n tambi\u00e9n de la pluralidad religiosa del continente, y m\u00e1s all\u00e1 de esto: expresi\u00f3n de la necesidad de fomentar el entendimiento mutuo y la cooperaci\u00f3n de todos.<\/p>\n<p><strong>Rev. Jochen Streiter 1997 \u2013 cameco.org<\/strong><\/p>\t\t\t\t\t\t\t\t<\/div>\n\t\t\t\t<\/div>\n\t\t\t\t\t<\/div>\n\t\t\t\t<\/div>\n\t\t<div class=\"elementor-element elementor-element-9cda888 e-flex e-con-boxed e-con e-parent\" data-id=\"9cda888\" data-element_type=\"container\" data-e-type=\"container\">\n\t\t\t\t\t<div class=\"e-con-inner\">\n\t\t\t\t<div class=\"elementor-element elementor-element-e448a6d elementor-widget-divider--view-line elementor-widget elementor-widget-divider\" data-id=\"e448a6d\" data-element_type=\"widget\" data-e-type=\"widget\" data-widget_type=\"divider.default\">\n\t\t\t\t<div class=\"elementor-widget-container\">\n\t\t\t\t\t\t\t<div class=\"elementor-divider\">\n\t\t\t<span class=\"elementor-divider-separator\">\n\t\t\t\t\t\t<\/span>\n\t\t<\/div>\n\t\t\t\t\t\t<\/div>\n\t\t\t\t<\/div>\n\t\t\t\t\t<\/div>\n\t\t\t\t<\/div>\n\t\t<div class=\"elementor-element elementor-element-0e1c196 e-flex e-con-boxed e-con e-parent\" data-id=\"0e1c196\" data-element_type=\"container\" data-e-type=\"container\" data-settings=\"{&quot;background_background&quot;:&quot;classic&quot;}\">\n\t\t\t\t\t<div class=\"e-con-inner\">\n\t\t\t\t<div class=\"elementor-element elementor-element-44cc785 elementor-widget__width-initial elementor-widget-mobile__width-inherit elementor-widget elementor-widget-heading\" data-id=\"44cc785\" data-element_type=\"widget\" data-e-type=\"widget\" data-widget_type=\"heading.default\">\n\t\t\t\t<div class=\"elementor-widget-container\">\n\t\t\t\t\t<h2 class=\"elementor-heading-title elementor-size-default\">DESTACADOS<\/h2>\t\t\t\t<\/div>\n\t\t\t\t<\/div>\n\t\t\t\t\t<\/div>\n\t\t\t\t<\/div>\n\t\t<div class=\"elementor-element elementor-element-4b3c08d e-grid e-con-full e-con e-parent\" data-id=\"4b3c08d\" data-element_type=\"container\" data-e-type=\"container\">\n\t\t\t\t<div class=\"elementor-element elementor-element-f315773 elementor-widget elementor-widget-image\" data-id=\"f315773\" data-element_type=\"widget\" data-e-type=\"widget\" data-settings=\"{&quot;_animation&quot;:&quot;none&quot;}\" data-widget_type=\"image.default\">\n\t\t\t\t<div class=\"elementor-widget-container\">\n\t\t\t\t\t\t\t\t\t\t\t\t\t\t\t\t<a href=\"https:\/\/aecucedir.org.ve\/revista\/edicion-actual\/\" rel=\"nofollow\">\n\t\t\t\t\t\t\t<img loading=\"lazy\" decoding=\"async\" width=\"590\" height=\"590\" src=\"https:\/\/aecucedir.org.ve\/revista\/wp-content\/uploads\/2024\/06\/83-1.png\" class=\"attachment-large size-large wp-image-5586\" alt=\"\" srcset=\"https:\/\/aecucedir.org.ve\/revista\/wp-content\/uploads\/2024\/06\/83-1.png 590w, https:\/\/aecucedir.org.ve\/revista\/wp-content\/uploads\/2024\/06\/83-1-300x300.png 300w, https:\/\/aecucedir.org.ve\/revista\/wp-content\/uploads\/2024\/06\/83-1-150x150.png 150w\" sizes=\"(max-width: 590px) 100vw, 590px\" \/>\t\t\t\t\t\t\t\t<\/a>\n\t\t\t\t\t\t\t\t\t\t\t\t\t\t\t<\/div>\n\t\t\t\t<\/div>\n\t\t\t\t<div class=\"elementor-element elementor-element-7046509 elementor-widget elementor-widget-image\" data-id=\"7046509\" data-element_type=\"widget\" data-e-type=\"widget\" data-widget_type=\"image.default\">\n\t\t\t\t<div class=\"elementor-widget-container\">\n\t\t\t\t\t\t\t\t\t\t\t\t\t\t\t\t<a href=\"https:\/\/aecucedir.org.ve\/revista\/article\/1983\/\" rel=\"nofollow\">\n\t\t\t\t\t\t\t<img loading=\"lazy\" decoding=\"async\" width=\"590\" height=\"590\" src=\"https:\/\/aecucedir.org.ve\/revista\/wp-content\/uploads\/2024\/06\/Agregar-un-titulo.png\" class=\"attachment-large size-large wp-image-5456\" alt=\"\" srcset=\"https:\/\/aecucedir.org.ve\/revista\/wp-content\/uploads\/2024\/06\/Agregar-un-titulo.png 590w, https:\/\/aecucedir.org.ve\/revista\/wp-content\/uploads\/2024\/06\/Agregar-un-titulo-300x300.png 300w, https:\/\/aecucedir.org.ve\/revista\/wp-content\/uploads\/2024\/06\/Agregar-un-titulo-150x150.png 150w\" sizes=\"(max-width: 590px) 100vw, 590px\" \/>\t\t\t\t\t\t\t\t<\/a>\n\t\t\t\t\t\t\t\t\t\t\t\t\t\t\t<\/div>\n\t\t\t\t<\/div>\n\t\t\t\t<div class=\"elementor-element elementor-element-0903344 elementor-widget__width-initial elementor-widget elementor-widget-image\" data-id=\"0903344\" data-element_type=\"widget\" data-e-type=\"widget\" data-widget_type=\"image.default\">\n\t\t\t\t<div class=\"elementor-widget-container\">\n\t\t\t\t\t\t\t\t\t\t\t\t\t\t\t\t<a href=\"https:\/\/aecucedir.org.ve\/revista\/article\/la-constitucion-de-1947-y-dios-todopoderoso\/\" rel=\"nofollow\">\n\t\t\t\t\t\t\t<img decoding=\"async\" src=\"https:\/\/aecucedir.org.ve\/revista\/wp-content\/uploads\/elementor\/thumbs\/Agregar-un-titulo-1-qpyiuqv8vcs4uw4u1fg0g7z8xw248vlbpujlhcxo5k.png\" title=\"Agregar un t\u00edtulo\" alt=\"Agregar un t\u00edtulo\" loading=\"lazy\" \/>\t\t\t\t\t\t\t\t<\/a>\n\t\t\t\t\t\t\t\t\t\t\t\t\t\t\t<\/div>\n\t\t\t\t<\/div>\n\t\t\t\t<div class=\"elementor-element elementor-element-d1e5137 elementor-widget__width-initial elementor-widget elementor-widget-image\" data-id=\"d1e5137\" data-element_type=\"widget\" data-e-type=\"widget\" data-widget_type=\"image.default\">\n\t\t\t\t<div class=\"elementor-widget-container\">\n\t\t\t\t\t\t\t\t\t\t\t\t\t\t\t\t<a href=\"https:\/\/aecucedir.org.ve\/revista\/article\/el-cev-celebro-su-50-asamblea-anual\/\" rel=\"nofollow\">\n\t\t\t\t\t\t\t<img decoding=\"async\" src=\"https:\/\/aecucedir.org.ve\/revista\/wp-content\/uploads\/elementor\/thumbs\/Agregar-un-titulo-1-1-qpyj1gfrnrytqodxutv4r10plwzg738cb27dtgzhqg.png\" title=\"Agregar un t\u00edtulo (1)\" alt=\"Agregar un t\u00edtulo (1)\" loading=\"lazy\" \/>\t\t\t\t\t\t\t\t<\/a>\n\t\t\t\t\t\t\t\t\t\t\t\t\t\t\t<\/div>\n\t\t\t\t<\/div>\n\t\t\t\t<div class=\"elementor-element elementor-element-02a87ee elementor-widget elementor-widget-image\" data-id=\"02a87ee\" data-element_type=\"widget\" data-e-type=\"widget\" data-widget_type=\"image.default\">\n\t\t\t\t<div class=\"elementor-widget-container\">\n\t\t\t\t\t\t\t\t\t\t\t\t\t\t\t\t<a href=\"https:\/\/aecucedir.org.ve\/revista\/article\/el-cmi-expresa-su-profundapreocupacion-por-la-escalada-de-laviolencia-en-oriente-medio\/\">\n\t\t\t\t\t\t\t<img loading=\"lazy\" decoding=\"async\" width=\"590\" height=\"590\" src=\"https:\/\/aecucedir.org.ve\/revista\/wp-content\/uploads\/2024\/06\/Agregar-un-titulo-2.png\" class=\"attachment-large size-large wp-image-5477\" alt=\"\" srcset=\"https:\/\/aecucedir.org.ve\/revista\/wp-content\/uploads\/2024\/06\/Agregar-un-titulo-2.png 590w, https:\/\/aecucedir.org.ve\/revista\/wp-content\/uploads\/2024\/06\/Agregar-un-titulo-2-300x300.png 300w, https:\/\/aecucedir.org.ve\/revista\/wp-content\/uploads\/2024\/06\/Agregar-un-titulo-2-150x150.png 150w\" sizes=\"(max-width: 590px) 100vw, 590px\" \/>\t\t\t\t\t\t\t\t<\/a>\n\t\t\t\t\t\t\t\t\t\t\t\t\t\t\t<\/div>\n\t\t\t\t<\/div>\n\t\t\t\t<div class=\"elementor-element elementor-element-7997088 elementor-widget elementor-widget-image\" data-id=\"7997088\" data-element_type=\"widget\" data-e-type=\"widget\" data-widget_type=\"image.default\">\n\t\t\t\t<div class=\"elementor-widget-container\">\n\t\t\t\t\t\t\t\t\t\t\t\t\t\t\t\t<a href=\"https:\/\/aecucedir.org.ve\/revista\/article\/si-yo-anduviera-desnuda\/\">\n\t\t\t\t\t\t\t<img loading=\"lazy\" decoding=\"async\" width=\"590\" height=\"590\" src=\"https:\/\/aecucedir.org.ve\/revista\/wp-content\/uploads\/2024\/06\/Agregar-un-titulo-3.png\" class=\"attachment-large size-large wp-image-5481\" alt=\"\" srcset=\"https:\/\/aecucedir.org.ve\/revista\/wp-content\/uploads\/2024\/06\/Agregar-un-titulo-3.png 590w, https:\/\/aecucedir.org.ve\/revista\/wp-content\/uploads\/2024\/06\/Agregar-un-titulo-3-300x300.png 300w, https:\/\/aecucedir.org.ve\/revista\/wp-content\/uploads\/2024\/06\/Agregar-un-titulo-3-150x150.png 150w\" sizes=\"(max-width: 590px) 100vw, 590px\" \/>\t\t\t\t\t\t\t\t<\/a>\n\t\t\t\t\t\t\t\t\t\t\t\t\t\t\t<\/div>\n\t\t\t\t<\/div>\n\t\t\t\t<\/div>\n\t\t\t\t<\/div>\n\t\t","protected":false},"excerpt":{"rendered":"<p>Caracas &#8211; Venezuela LA REVISTA PRESENCIA ECUM\u00c9NICA FUE CREADA EN 1985, POR INICIATIVA DEL PASTOR JOCHEN STREITER, LA CUAL LA CONVIERTE EN UNA DE LAS REVISTAS DE CAR\u00c1CTER RELIGIOSO DE MAYOR TRAYECTORIA EN EL PA\u00cdS. EN ELLA HAN COLABORADO UNA DIVERSIDAD DE TE\u00d3LOGOS Y TE\u00d3LOGAS DE DIVERSAS PARTES DE LA PATRIA GRANDE Y DE ORIENTACIONES &hellip; <a href=\"https:\/\/aecucedir.org.ve\/revista\/\">Seguir leyendo <span class=\"meta-nav\">&rarr;<\/span><\/a><\/p>\n","protected":false},"author":1,"featured_media":0,"parent":0,"menu_order":0,"comment_status":"closed","ping_status":"closed","template":"elementor_header_footer","meta":{"_eb_attr":"","footnotes":""},"class_list":["post-3485","page","type-page","status-publish","hentry"],"_links":{"self":[{"href":"https:\/\/aecucedir.org.ve\/revista\/wp-json\/wp\/v2\/pages\/3485","targetHints":{"allow":["GET"]}}],"collection":[{"href":"https:\/\/aecucedir.org.ve\/revista\/wp-json\/wp\/v2\/pages"}],"about":[{"href":"https:\/\/aecucedir.org.ve\/revista\/wp-json\/wp\/v2\/types\/page"}],"author":[{"embeddable":true,"href":"https:\/\/aecucedir.org.ve\/revista\/wp-json\/wp\/v2\/users\/1"}],"replies":[{"embeddable":true,"href":"https:\/\/aecucedir.org.ve\/revista\/wp-json\/wp\/v2\/comments?post=3485"}],"version-history":[{"count":1096,"href":"https:\/\/aecucedir.org.ve\/revista\/wp-json\/wp\/v2\/pages\/3485\/revisions"}],"predecessor-version":[{"id":7588,"href":"https:\/\/aecucedir.org.ve\/revista\/wp-json\/wp\/v2\/pages\/3485\/revisions\/7588"}],"wp:attachment":[{"href":"https:\/\/aecucedir.org.ve\/revista\/wp-json\/wp\/v2\/media?parent=3485"}],"curies":[{"name":"wp","href":"https:\/\/api.w.org\/{rel}","templated":true}]}}