{"id":225,"date":"2023-10-09T16:21:42","date_gmt":"2023-10-09T16:21:42","guid":{"rendered":"http:\/\/cedir.com\/revista\/?page_id=225"},"modified":"2024-06-25T00:10:41","modified_gmt":"2024-06-25T00:10:41","slug":"articulos","status":"publish","type":"page","link":"https:\/\/aecucedir.org.ve\/revista\/articulos\/","title":{"rendered":"art\u00edculos"},"content":{"rendered":"\t\t<div data-elementor-type=\"wp-page\" data-elementor-id=\"225\" class=\"elementor elementor-225\">\n\t\t\t\t<div class=\"elementor-element elementor-element-8378b31 e-flex e-con-boxed e-con e-parent\" data-id=\"8378b31\" data-element_type=\"container\" data-e-type=\"container\">\n\t\t\t\t\t<div class=\"e-con-inner\">\n\t\t\t\t<div class=\"elementor-element elementor-element-87932dd elementor-widget elementor-widget-spacer\" data-id=\"87932dd\" data-element_type=\"widget\" data-e-type=\"widget\" data-widget_type=\"spacer.default\">\n\t\t\t\t<div class=\"elementor-widget-container\">\n\t\t\t\t\t\t\t<div class=\"elementor-spacer\">\n\t\t\t<div class=\"elementor-spacer-inner\"><\/div>\n\t\t<\/div>\n\t\t\t\t\t\t<\/div>\n\t\t\t\t<\/div>\n\t\t\t\t<div class=\"elementor-element elementor-element-eabf775 elementor-widget elementor-widget-shortcode\" data-id=\"eabf775\" data-element_type=\"widget\" data-e-type=\"widget\" data-widget_type=\"shortcode.default\">\n\t\t\t\t<div class=\"elementor-widget-container\">\n\t\t\t\t\t\t\t<div class=\"elementor-shortcode\"><div class=\"issuem_articles_shortcode\"><div class=\"issuem_article article-1883\">\n<p class=\"issuem_article_category\">DOSSIER<\/p>\r\n<!--p&gt;<a class=\"issuem_article_link\">LA CONSTITUCI\u00d3N DE 1947 y DIOS TODOPODEROSO<\/a>&lt;\/p-->\r\n<p><a class=\"issuem_widget_link\" href=\"https:\/\/aecucedir.org.ve\/revista\/article\/la-constitucion-de-1947-y-dios-todopoderoso\/\">LA CONSTITUCI\u00d3N DE 1947 y DIOS TODOPODEROSO<\/a><\/p>\r\n<p class=\"issuem_article_content\">Con los sucesos pol\u00edticos que comienzan en Venezuela a partir de 1808, y tienen su momento c\u00faspide el 19 de abril de 1810 y se concretan el 5 de julio de 1811 desembocan en la emancipaci\u00f3n de Venezuela como pa\u00eds libre de Espa\u00f1a, se hace necesario legislar para darle a la nueva naci\u00f3n una carta &hellip; <a href=\"https:\/\/aecucedir.org.ve\/revista\/article\/la-constitucion-de-1947-y-dios-todopoderoso\/\">Seguir leyendo <span class=\"meta-nav\">&rarr;<\/span><\/a><\/p>\r\n<!--p class=\"issuem_article_byline\"&gt;Por Prof. Msc. Angel Mu\u00f1oz Flores&lt;\/p-->\r\n<p class=\"issuem_article_image\"><\/p>\n<\/div><div class=\"issuem_article article-1983\">\n<p class=\"issuem_article_category\">DOSSIER<\/p>\r\n<!--p&gt;<a class=\"issuem_article_link\">EL ECUMENISMO DESDE LA PERSPECTIVA CAT\u00d3LICA: UNA APROXIMACI\u00d3N DESDE EL CARDENAL WALTER KASPER<\/a>&lt;\/p-->\r\n<p><a class=\"issuem_widget_link\" href=\"https:\/\/aecucedir.org.ve\/revista\/article\/1983\/\">EL ECUMENISMO DESDE LA PERSPECTIVA CAT\u00d3LICA: UNA APROXIMACI\u00d3N DESDE EL CARDENAL WALTER KASPER<\/a><\/p>\r\n<p class=\"issuem_article_content\">El presente art\u00edculo, pretende realizar un estudio documental del movimiento ecum\u00e9nico y las circunstancias que rodearon su aparici\u00f3n en el mundo cat\u00f3lico a trav\u00e9s de la mirada teol\u00f3gica de Walter Kasper, en este sentido, se precis\u00f3 realizar un acercamiento conceptual al ecumenismo y luego abordar brevemente la historia de la Iglesia cristiana, lo cual result\u00f3 &hellip; <a href=\"https:\/\/aecucedir.org.ve\/revista\/article\/1983\/\">Seguir leyendo <span class=\"meta-nav\">&rarr;<\/span><\/a><\/p>\r\n<!--p class=\"issuem_article_byline\"&gt;Por Bertha Elena Fuenmayor Torres&lt;\/p-->\r\n<p class=\"issuem_article_image\"><\/p>\n<\/div><div class=\"issuem_article article-2189\">\n<p class=\"issuem_article_category\">DOSSIER<\/p>\r\n<!--p&gt;<a class=\"issuem_article_link\">LA SEMI\u00d3TICA DEL HOMBRE. IMPRONTA DE LA SEMI\u00d3TICA DE DIOS<\/a>&lt;\/p-->\r\n<p><a class=\"issuem_widget_link\" href=\"https:\/\/aecucedir.org.ve\/revista\/article\/la-semiotica-del-hombre-impronta-de-la-semiotica-de-dios\/\">LA SEMI\u00d3TICA DEL HOMBRE. IMPRONTA DE LA SEMI\u00d3TICA DE DIOS<\/a><\/p>\r\n<p class=\"issuem_article_content\">El siguiente art\u00edculo dar\u00e1 cuenta de un breve estudio de car\u00e1cter redaccional y hermen\u00e9utico de la premisa filos\u00f3fica\/teol\u00f3gica: La semi\u00f3tica del hombre, impronta de la semi\u00f3tica de Dios. Con esta inferencia, queremos indagar en el ser humano desde la perspectiva ontol\u00f3gica, comunicacional, significado de s\u00ed, salida de s\u00ed, signo, s\u00edmbolo, significado y significante primario y &hellip; <a href=\"https:\/\/aecucedir.org.ve\/revista\/article\/la-semiotica-del-hombre-impronta-de-la-semiotica-de-dios\/\">Seguir leyendo <span class=\"meta-nav\">&rarr;<\/span><\/a><\/p>\r\n<!--p class=\"issuem_article_byline\"&gt;Por &lt;\/p-->\r\n<p class=\"issuem_article_image\"><\/p>\n<\/div><div class=\"issuem_article article-2254\">\n<p class=\"issuem_article_category\">DOSSIER<\/p>\r\n<!--p&gt;<a class=\"issuem_article_link\">EL CABILDO ANCESTRAL: LOS DERECHOS HUMANOS DEL PUEBLO INGA EN LA GRAN CARACAS<\/a>&lt;\/p-->\r\n<p><a class=\"issuem_widget_link\" href=\"https:\/\/aecucedir.org.ve\/revista\/article\/el-cabildo-ancestral-los-derechos-humanos-del-pueblo-inga-en-la-gran-caracas\/\">EL CABILDO ANCESTRAL: LOS DERECHOS HUMANOS DEL PUEBLO INGA EN LA GRAN CARACAS<\/a><\/p>\r\n<p class=\"issuem_article_content\">El Pueblo Inga fue inscrito como pueblo originario de la Rep\u00fablica Bolivariana de Venezuela, tras el apoyo e impulso del Cabildo Inga del estado Amazonas y las organizaciones de base denominadas Movimiento ind\u00edgenas, tal como la ORPIA (Organizaci\u00f3n Regional de Pueblos Ind\u00edgenas de Amazonas y CONIVE (Consejo Nacional Indio de Venezuela), llegado a visualizarse en &hellip; <a href=\"https:\/\/aecucedir.org.ve\/revista\/article\/el-cabildo-ancestral-los-derechos-humanos-del-pueblo-inga-en-la-gran-caracas\/\">Seguir leyendo <span class=\"meta-nav\">&rarr;<\/span><\/a><\/p>\r\n<!--p class=\"issuem_article_byline\"&gt;Por &lt;\/p-->\r\n<p class=\"issuem_article_image\"><\/p>\n<\/div><div class=\"issuem_article article-3925\">\n<p class=\"issuem_article_category\">DOSSIER<\/p>\r\n<!--p&gt;<a class=\"issuem_article_link\">MITOS DE CREACI\u00d3N DE LOS PUEBLOS ORIGINARIOS\u00a0EN VENEZUELA A PARTIR DE LA CONQUISTA<\/a>&lt;\/p-->\r\n<p><a class=\"issuem_widget_link\" href=\"https:\/\/aecucedir.org.ve\/revista\/article\/mitos-de-creacion-de-los-pueblos-originarios-en-venezuela-a-partir-de-la-conquista\/\">MITOS DE CREACI\u00d3N DE LOS PUEBLOS ORIGINARIOS\u00a0EN VENEZUELA A PARTIR DE LA CONQUISTA<\/a><\/p>\r\n<p class=\"issuem_article_content\">El presente art\u00edculo aborda el estudio de los Mitos de Creaci\u00f3n en el contexto de la colonizaci\u00f3n de Am\u00e9rica; narraciones ancestrales que permean el tejido cultural de la sociedad venezolana cuyo prop\u00f3sito fue analizar la incidencia e importancia de los Mitos de Creaci\u00f3n de las tribus ancestrales que ocuparon el territorio venezolano en la \u00e9poca &hellip; <a href=\"https:\/\/aecucedir.org.ve\/revista\/article\/mitos-de-creacion-de-los-pueblos-originarios-en-venezuela-a-partir-de-la-conquista\/\">Seguir leyendo <span class=\"meta-nav\">&rarr;<\/span><\/a><\/p>\r\n<!--p class=\"issuem_article_byline\"&gt;Por &lt;\/p-->\r\n<p class=\"issuem_article_image\"><\/p>\n<\/div><div class=\"issuem_article article-2274\">\n<p class=\"issuem_article_category\">ENTREVISTA<\/p>\r\n<!--p&gt;<a class=\"issuem_article_link\">DIALOGANDO CON JOCHEN STREITER<\/a>&lt;\/p-->\r\n<p><a class=\"issuem_widget_link\" href=\"https:\/\/aecucedir.org.ve\/revista\/article\/jochen-streiter\/\">DIALOGANDO CON JOCHEN STREITER<\/a><\/p>\r\n<p class=\"issuem_article_content\">En 1979 el pastor Streiter llega a Venezuela para trabajar durante un a\u00f1o como vicario en la Congregaci\u00f3n Luterana de habla alemana en Caracas. Entre sus diversos aportes al mundo ecum\u00e9nico venezolano, Jochen Streiter se vincula a Acci\u00f3n Ecum\u00e9nica, donde se desempa\u00f1ar\u00e1 como Coordinador General durante 14 a\u00f1os y desde donde desarroll\u00f3 una diversidad de &hellip; <a href=\"https:\/\/aecucedir.org.ve\/revista\/article\/jochen-streiter\/\">Seguir leyendo <span class=\"meta-nav\">&rarr;<\/span><\/a><\/p>\r\n<!--p class=\"issuem_article_byline\"&gt;Por &lt;\/p-->\r\n<p class=\"issuem_article_image\"><\/p>\n<\/div><div class=\"issuem_article article-2314\">\n<p class=\"issuem_article_category\">SENTIRPENSAR<\/p>\r\n<!--p&gt;<a class=\"issuem_article_link\">SI YO ANDUVIERA DESNUDA<\/a>&lt;\/p-->\r\n<p><a class=\"issuem_widget_link\" href=\"https:\/\/aecucedir.org.ve\/revista\/article\/si-yo-anduviera-desnuda\/\">SI YO ANDUVIERA DESNUDA<\/a><\/p>\r\n<p class=\"issuem_article_content\"><\/p>\r\n<!--p class=\"issuem_article_byline\"&gt;Por &lt;\/p-->\r\n<p class=\"issuem_article_image\"><\/p>\n<\/div><div class=\"issuem_article article-3670\">\n<p class=\"issuem_article_category\">SENTIRPENSAR<\/p>\r\n<!--p&gt;<a class=\"issuem_article_link\">HORIZONTE<\/a>&lt;\/p-->\r\n<p><a class=\"issuem_widget_link\" href=\"https:\/\/aecucedir.org.ve\/revista\/article\/horizonte\/\">HORIZONTE<\/a><\/p>\r\n<p class=\"issuem_article_content\"><\/p>\r\n<!--p class=\"issuem_article_byline\"&gt;Por &lt;\/p-->\r\n<p class=\"issuem_article_image\"><\/p>\n<\/div><div class=\"issuem_article article-2316\">\n<p class=\"issuem_article_category\">SENTIRPENSAR<\/p>\r\n<!--p&gt;<a class=\"issuem_article_link\">QUEREMOS VERTE, JES\u00daS<\/a>&lt;\/p-->\r\n<p><a class=\"issuem_widget_link\" href=\"https:\/\/aecucedir.org.ve\/revista\/article\/queremos-verte-jesusa-la-luz-de-juan-1220-33\/\">QUEREMOS VERTE, JES\u00daS<\/a><\/p>\r\n<p class=\"issuem_article_content\"><\/p>\r\n<!--p class=\"issuem_article_byline\"&gt;Por &lt;\/p-->\r\n<p class=\"issuem_article_image\"><\/p>\n<\/div><div class=\"issuem_article article-2751\">\n<p class=\"issuem_article_category\">NOTICIAS<\/p>\r\n<!--p&gt;<a class=\"issuem_article_link\">JUSTIN WELBY FIRMA EL \u00abLLAMAMIENTO DE ROMA POR LA \u00c9TICA DE LA IA\u00bb<\/a>&lt;\/p-->\r\n<p><a class=\"issuem_widget_link\" href=\"https:\/\/aecucedir.org.ve\/revista\/article\/inteligencia-artificial-justin-welby-firma-el-llamamiento-deroma-por-la-etica-de-la-ia\/\">JUSTIN WELBY FIRMA EL \u00abLLAMAMIENTO DE ROMA POR LA \u00c9TICA DE LA IA\u00bb<\/a><\/p>\r\n<p class=\"issuem_article_content\">Otra firma ilustre destaca hoy en el Llamamiento de Roma por la \u00c9tica de la Inteligencia Artificial, el documento que \u00abpretende promover un sentido de responsabilidad compartida por la dignidad humana en un contexto de r\u00e1pido progreso tecnol\u00f3gico\u00bb. El llamamiento por el desarrollo \u00e9tico de la inteligencia artificial ha sido firmado tambi\u00e9n por el arzobispo &hellip; <a href=\"https:\/\/aecucedir.org.ve\/revista\/article\/inteligencia-artificial-justin-welby-firma-el-llamamiento-deroma-por-la-etica-de-la-ia\/\">Seguir leyendo <span class=\"meta-nav\">&rarr;<\/span><\/a><\/p>\r\n<!--p class=\"issuem_article_byline\"&gt;Por &lt;\/p-->\r\n<p class=\"issuem_article_image\"><\/p>\n<\/div><div class=\"issuem_article article-2753\">\n<p class=\"issuem_article_category\">NOTICIAS<\/p>\r\n<!--p&gt;<a class=\"issuem_article_link\">EL CMI EXPRESA SU PREOCUPACI\u00d3N POR LA ESCALADA DE LA VIOLENCIA EN ORIENTE MEDIO<\/a>&lt;\/p-->\r\n<p><a class=\"issuem_widget_link\" href=\"https:\/\/aecucedir.org.ve\/revista\/article\/el-cmi-expresa-su-profundapreocupacion-por-la-escalada-de-laviolencia-en-oriente-medio\/\">EL CMI EXPRESA SU PREOCUPACI\u00d3N POR LA ESCALADA DE LA VIOLENCIA EN ORIENTE MEDIO<\/a><\/p>\r\n<p class=\"issuem_article_content\">El secretario general del Consejo Mundial de Iglesias, el Rev. Prof. Dr. Jerry Pillay, en nombre de la comunidad mundial de iglesias, expres\u00f3 profunda preocupaci\u00f3n por la reciente escalada de la violencia en Oriente Medio tras la primera confrontaci\u00f3n directa entre Ir\u00e1n e Israel. \u201cCreemos firmemente que la violencia y la guerra no ofrecen soluciones &hellip; <a href=\"https:\/\/aecucedir.org.ve\/revista\/article\/el-cmi-expresa-su-profundapreocupacion-por-la-escalada-de-laviolencia-en-oriente-medio\/\">Seguir leyendo <span class=\"meta-nav\">&rarr;<\/span><\/a><\/p>\r\n<!--p class=\"issuem_article_byline\"&gt;Por &lt;\/p-->\r\n<p class=\"issuem_article_image\"><\/p>\n<\/div><div class=\"issuem_article article-2755\">\n<p class=\"issuem_article_category\">NOTICIAS<\/p>\r\n<!--p&gt;<a class=\"issuem_article_link\">M\u00d3NICA \u00c1LVAREZ TREVI\u00d1O ES LA NUEVA SECRETARIA REGIONAL DE FUMEC<\/a>&lt;\/p-->\r\n<p><a class=\"issuem_widget_link\" href=\"https:\/\/aecucedir.org.ve\/revista\/article\/monica-alvarez-trevino-es-la-nuevasecretaria-regional-de-fumec\/\">M\u00d3NICA \u00c1LVAREZ TREVI\u00d1O ES LA NUEVA SECRETARIA REGIONAL DE FUMEC<\/a><\/p>\r\n<p class=\"issuem_article_content\">El pasado 1 abril de 2024, el Comit\u00e9 Ejecutivo de la Federaci\u00f3n Universal de Movimientos Estudiantiles Cristianos (FUMEC\/WSCF) contrat\u00f3 a M\u00f3nica Trevi\u00f1o \u00c1lvarez como nueva Secretaria Regional de la FUMEC en Am\u00e9rica Latina y el Caribe y Coordinadora Global de Programa. M\u00f3nica Trevi\u00f1o \u00c1lvarez es mexicana y tiene 28 a\u00f1os. Licenciada en Derechos Humanos y &hellip; <a href=\"https:\/\/aecucedir.org.ve\/revista\/article\/monica-alvarez-trevino-es-la-nuevasecretaria-regional-de-fumec\/\">Seguir leyendo <span class=\"meta-nav\">&rarr;<\/span><\/a><\/p>\r\n<!--p class=\"issuem_article_byline\"&gt;Por &lt;\/p-->\r\n<p class=\"issuem_article_image\"><\/p>\n<\/div><div class=\"issuem_article article-2759\">\n<p class=\"issuem_article_category\">NOTICIAS<\/p>\r\n<!--p&gt;<a class=\"issuem_article_link\">ACOSADO POR DEUDAS Y DEMANDAS, TRUMP EMPIEZA A VENDER BIBLIAS PARA RECAUDAR FONDOS POR SERVICIOS ESPECIALES<\/a>&lt;\/p-->\r\n<p><a class=\"issuem_widget_link\" href=\"https:\/\/aecucedir.org.ve\/revista\/article\/acosado-por-deudas-y-demandas-trump-empieza-a-vender-bibliaspara-recaudar-fondos-por-servicios-especiales\/\">ACOSADO POR DEUDAS Y DEMANDAS, TRUMP EMPIEZA A VENDER BIBLIAS PARA RECAUDAR FONDOS POR SERVICIOS ESPECIALES<\/a><\/p>\r\n<p class=\"issuem_article_content\">El expresidente Donald Trump ha empezado a vender biblias para poder pagar las crecientes deudas legales que ha acumulado mientras enfrenta cuatro juicios penales. WILLIAM WHITEHURST Getty Images WASHINGTON El expresidente Donald Trump, que lleva toda una vida vendiendo productos con su nombre, ha presentado esta Semana Santa su Biblia con el eslogan \u201cHagamos que &hellip; <a href=\"https:\/\/aecucedir.org.ve\/revista\/article\/acosado-por-deudas-y-demandas-trump-empieza-a-vender-bibliaspara-recaudar-fondos-por-servicios-especiales\/\">Seguir leyendo <span class=\"meta-nav\">&rarr;<\/span><\/a><\/p>\r\n<!--p class=\"issuem_article_byline\"&gt;Por &lt;\/p-->\r\n<p class=\"issuem_article_image\"><\/p>\n<\/div><div class=\"issuem_article article-2761\">\n<p class=\"issuem_article_category\">NOTICIAS<\/p>\r\n<!--p&gt;<a class=\"issuem_article_link\">EL CEV CELEBR\u00d3 SU 50\u00b0 ASAMBLEA ANUAL<\/a>&lt;\/p-->\r\n<p><a class=\"issuem_widget_link\" href=\"https:\/\/aecucedir.org.ve\/revista\/article\/el-cev-celebro-su-50-asamblea-anual\/\">EL CEV CELEBR\u00d3 SU 50\u00b0 ASAMBLEA ANUAL<\/a><\/p>\r\n<p class=\"issuem_article_content\">El d\u00eda mi\u00e9rcoles 28 de febrero, representantes de diversas Organizaciones Eclesi\u00e1sticas, Iglesias Independientes, Entidades de Servicio y Confraternidades Ministeriales se dieron cita en la sede de la Iglesia Evang\u00e9lica Pentecostal Las Acacias (IEPLA) en Caracas, con el prop\u00f3sito de conmemorar la quintuag\u00e9sima Asamblea Anual del Consejo Evang\u00e9lico de Venezuela (CEV) que sirve para fomentar la &hellip; <a href=\"https:\/\/aecucedir.org.ve\/revista\/article\/el-cev-celebro-su-50-asamblea-anual\/\">Seguir leyendo <span class=\"meta-nav\">&rarr;<\/span><\/a><\/p>\r\n<!--p class=\"issuem_article_byline\"&gt;Por &lt;\/p-->\r\n<p class=\"issuem_article_image\"><\/p>\n<\/div><div class=\"issuem_article article-2766\">\n<p class=\"issuem_article_category\">DOCUMENTOS<\/p>\r\n<!--p&gt;<a class=\"issuem_article_link\">MENSAJE DE PASCUA 2024 &#8211; CMI<\/a>&lt;\/p-->\r\n<p><a class=\"issuem_widget_link\" href=\"https:\/\/aecucedir.org.ve\/revista\/article\/mensaje-de-pascua-2024\/\">MENSAJE DE PASCUA 2024 &#8211; CMI<\/a><\/p>\r\n<p class=\"issuem_article_content\">Al observar nuestro mundo actual, vemos much\u00edsimo dolor, sufrimiento y muerte. De hecho, parece que estemos rodeados de muerte. Esta es la impresi\u00f3n que tenemos cuando pensamos en los miles de personas que pierden la vida en las guerras, en los millones de personas que mueren de hambre e inanici\u00f3n, en los cientos de refugiados &hellip; <a href=\"https:\/\/aecucedir.org.ve\/revista\/article\/mensaje-de-pascua-2024\/\">Seguir leyendo <span class=\"meta-nav\">&rarr;<\/span><\/a><\/p>\r\n<!--p class=\"issuem_article_byline\"&gt;Por Rev. Prof. Dr. Jerry Pillay Secretario general Consejo Mundial de Iglesias&lt;\/p-->\r\n<p class=\"issuem_article_image\"><\/p>\n<\/div><div class=\"issuem_article article-2770\">\n<p class=\"issuem_article_category\">DOCUMENTOS<\/p>\r\n<!--p&gt;<a class=\"issuem_article_link\">EXHORTACI\u00d3N PASTORAL CON MOTIVO DE LA CXXI ASAMBLEA PLENARIA ORDINARIA DEL EPISCOPADO VENEZOLANO<\/a>&lt;\/p-->\r\n<p><a class=\"issuem_widget_link\" href=\"https:\/\/aecucedir.org.ve\/revista\/article\/exhortacion-pastoral-con-motivo-de-la-cxxi-asamblea-plenaria-ordinaria-del-episcopado-venezolano\/\">EXHORTACI\u00d3N PASTORAL CON MOTIVO DE LA CXXI ASAMBLEA PLENARIA ORDINARIA DEL EPISCOPADO VENEZOLANO<\/a><\/p>\r\n<p class=\"issuem_article_content\">Con la alegr\u00eda y la esperanza que nos ha transmitido la fiesta del Nacimiento del Redentor, saludamos al pueblo venezolano al cual pertenecemos y servimos. Es nuestro deseo que este a\u00f1o de gracia 2024 nos ayude a todos en Venezuela, a conseguir caminos de paz, justicia y solidaridad fraterna. Desde nuestro compromiso como Obispos, alentamos &hellip; <a href=\"https:\/\/aecucedir.org.ve\/revista\/article\/exhortacion-pastoral-con-motivo-de-la-cxxi-asamblea-plenaria-ordinaria-del-episcopado-venezolano\/\">Seguir leyendo <span class=\"meta-nav\">&rarr;<\/span><\/a><\/p>\r\n<!--p class=\"issuem_article_byline\"&gt;Por Los obispos de Venezuela&lt;\/p-->\r\n<p class=\"issuem_article_image\"><\/p>\n<\/div><div class=\"issuem_article article-2775\">\n<p class=\"issuem_article_category\">DOCUMENTOS<\/p>\r\n<!--p&gt;<a class=\"issuem_article_link\">MENSAJE DEL SANTO PADRE FRANCISCO PARA LA CUARESMA 2024\u00a0\u00a0<\/a>&lt;\/p-->\r\n<p><a class=\"issuem_widget_link\" href=\"https:\/\/aecucedir.org.ve\/revista\/article\/mensaje-del-santo-padre-francisco-para-la-cuaresma-2024\/\">MENSAJE DEL SANTO PADRE FRANCISCO PARA LA CUARESMA 2024\u00a0\u00a0<\/a><\/p>\r\n<p class=\"issuem_article_content\">Queridos hermanos y hermanas: Cuando nuestro Dios se revela, comunica la libertad: \u00abYo soy el Se\u00f1or, tu Dios, que te hice salir de Egipto, de un lugar de esclavitud\u00bb (Ex 20,2). As\u00ed se abre el Dec\u00e1logo dado a Mois\u00e9s en el monte Sina\u00ed. El pueblo sabe bien de qu\u00e9 \u00e9xodo habla Dios; la experiencia de &hellip; <a href=\"https:\/\/aecucedir.org.ve\/revista\/article\/mensaje-del-santo-padre-francisco-para-la-cuaresma-2024\/\">Seguir leyendo <span class=\"meta-nav\">&rarr;<\/span><\/a><\/p>\r\n<!--p class=\"issuem_article_byline\"&gt;Por &lt;\/p-->\r\n<p class=\"issuem_article_image\"><\/p>\n<\/div><\/div><\/div>\n\t\t\t\t\t\t<\/div>\n\t\t\t\t<\/div>\n\t\t\t\t<div class=\"elementor-element elementor-element-cae2bcb elementor-widget elementor-widget-spacer\" data-id=\"cae2bcb\" data-element_type=\"widget\" data-e-type=\"widget\" data-widget_type=\"spacer.default\">\n\t\t\t\t<div class=\"elementor-widget-container\">\n\t\t\t\t\t\t\t<div class=\"elementor-spacer\">\n\t\t\t<div class=\"elementor-spacer-inner\"><\/div>\n\t\t<\/div>\n\t\t\t\t\t\t<\/div>\n\t\t\t\t<\/div>\n\t\t\t\t\t<\/div>\n\t\t\t\t<\/div>\n\t\t\t\t<\/div>\n\t\t","protected":false},"excerpt":{"rendered":"","protected":false},"author":1,"featured_media":0,"parent":0,"menu_order":0,"comment_status":"closed","ping_status":"closed","template":"template-sidebar-right.php","meta":{"_eb_attr":"","footnotes":""},"class_list":["post-225","page","type-page","status-publish","hentry"],"_links":{"self":[{"href":"https:\/\/aecucedir.org.ve\/revista\/wp-json\/wp\/v2\/pages\/225","targetHints":{"allow":["GET"]}}],"collection":[{"href":"https:\/\/aecucedir.org.ve\/revista\/wp-json\/wp\/v2\/pages"}],"about":[{"href":"https:\/\/aecucedir.org.ve\/revista\/wp-json\/wp\/v2\/types\/page"}],"author":[{"embeddable":true,"href":"https:\/\/aecucedir.org.ve\/revista\/wp-json\/wp\/v2\/users\/1"}],"replies":[{"embeddable":true,"href":"https:\/\/aecucedir.org.ve\/revista\/wp-json\/wp\/v2\/comments?post=225"}],"version-history":[{"count":40,"href":"https:\/\/aecucedir.org.ve\/revista\/wp-json\/wp\/v2\/pages\/225\/revisions"}],"predecessor-version":[{"id":6799,"href":"https:\/\/aecucedir.org.ve\/revista\/wp-json\/wp\/v2\/pages\/225\/revisions\/6799"}],"wp:attachment":[{"href":"https:\/\/aecucedir.org.ve\/revista\/wp-json\/wp\/v2\/media?parent=225"}],"curies":[{"name":"wp","href":"https:\/\/api.w.org\/{rel}","templated":true}]}}